{"id":785,"date":"2021-05-21T12:08:04","date_gmt":"2021-05-21T10:08:04","guid":{"rendered":"http:\/\/www.meisterwerke-der-kunst.de\/?page_id=785"},"modified":"2021-05-27T09:08:42","modified_gmt":"2021-05-27T07:08:42","slug":"ueber-uns","status":"publish","type":"page","link":"https:\/\/www.meisterwerke-der-kunst.de\/?page_id=785","title":{"rendered":"\u00dcber uns"},"content":{"rendered":"\n<div class=\"wp-block-columns is-layout-flex wp-container-3\">\n<div class=\"wp-block-column is-layout-flow\">\n<figure class=\"wp-block-image size-large\"><img decoding=\"async\" loading=\"lazy\" width=\"1024\" height=\"721\" src=\"https:\/\/www.meisterwerke-der-kunst.de\/wp-content\/uploads\/2021\/05\/Haus2-1024x721.jpg\" alt=\"\" class=\"wp-image-786\" srcset=\"https:\/\/www.meisterwerke-der-kunst.de\/wp-content\/uploads\/2021\/05\/Haus2-1024x721.jpg 1024w, https:\/\/www.meisterwerke-der-kunst.de\/wp-content\/uploads\/2021\/05\/Haus2-300x211.jpg 300w, https:\/\/www.meisterwerke-der-kunst.de\/wp-content\/uploads\/2021\/05\/Haus2-768x540.jpg 768w, https:\/\/www.meisterwerke-der-kunst.de\/wp-content\/uploads\/2021\/05\/Haus2-1536x1081.jpg 1536w, https:\/\/www.meisterwerke-der-kunst.de\/wp-content\/uploads\/2021\/05\/Haus2-2048x1441.jpg 2048w\" sizes=\"(max-width: 1024px) 100vw, 1024px\" \/><\/figure>\n<\/div>\n\n\n\n<div class=\"wp-block-column is-layout-flow\">\n<h2 class=\"wp-block-heading\">Der Neckar-Verlag in Villingen<\/h2>\n\n\n\n<p>Der 1945 gegr\u00fcndete Neckar-Verlag ist ein mittelst\u00e4ndisches Familienunternehmen in der dritten Generation. Seit \u00fcber 70 Jahren stehen f\u00fcr uns Best\u00e4ndigkeit und Zuverl\u00e4ssigkeit im Mittelpunkt unserer Arbeit. Viele unserer Produkte besitzen eine lange Tradition und haben sich teils \u00fcber Jahrzehnte hinweg bew\u00e4hrt, aber auch im Laufe der Zeit ver\u00e4ndert. Von der Gesch\u00e4ftsleitung \u00fcber die Redaktion der Zeitschriften, Werbung\/Marketing, Anzeigen, Vertrieb, Herstellung, Versand und Buchhaltung sind alle Abteilungen in einem Haus untergebracht. Dadurch werden k\u00fcrzere Entscheidungswege und eine flexible Arbeitsweise direkt nach Kundenwunsch m\u00f6glich.<\/p>\n<\/div>\n<\/div>\n\n\n<p>Zu den langj\u00e4hrigen Kundinnen und Kunden des Neckar-Verlags geh\u00f6ren sowohl Institutionen wie Ministerien, Vereine, Verb\u00e4nde und Schulen als auch Privatpersonen. Die meisten unserer Verlagsprodukte werden direkt und nicht \u00fcber den Buchhandel vertrieben.<\/p>\n<p>Programmschwerpunkte des Neckar-Verlags sind die Sparten Schule, Kunst, Hobby und Freizeit sowie Feuerwehr. Ein weiterer Verlagsbereich bietet Literatur zur Rehabilitation behinderter und kranker Menschen. Abgerundet wird das Angebot durch einige juristische sowie regionale Publikationen.<\/p>","protected":false},"excerpt":{"rendered":"<p>Der Neckar-Verlag in Villingen Der 1945 gegr\u00fcndete Neckar-Verlag ist ein mittelst\u00e4ndisches Familienunternehmen in der dritten Generation. Seit \u00fcber 70 Jahren stehen f\u00fcr uns Best\u00e4ndigkeit und Zuverl\u00e4ssigkeit im Mittelpunkt unserer Arbeit. Viele unserer Produkte besitzen eine lange Tradition und haben sich teils \u00fcber Jahrzehnte hinweg bew\u00e4hrt, aber auch im Laufe der Zeit ver\u00e4ndert. Von der Gesch\u00e4ftsleitung &hellip;<\/p>\n<p class=\"read-more\"> <a class=\"\" href=\"https:\/\/www.meisterwerke-der-kunst.de\/?page_id=785\"> <span class=\"screen-reader-text\">\u00dcber uns<\/span> Weiterlesen &raquo;<\/a><\/p>\n","protected":false},"author":1,"featured_media":0,"parent":0,"menu_order":0,"comment_status":"closed","ping_status":"closed","template":"","meta":{"site-sidebar-layout":"default","site-content-layout":"default","ast-global-header-display":"","ast-main-header-display":"","ast-hfb-above-header-display":"","ast-hfb-below-header-display":"","ast-hfb-mobile-header-display":"","site-post-title":"","ast-breadcrumbs-content":"","ast-featured-img":"","footer-sml-layout":"","theme-transparent-header-meta":"default","adv-header-id-meta":"","stick-header-meta":"","header-above-stick-meta":"","header-main-stick-meta":"","header-below-stick-meta":""},"yoast_head":"<!-- This site is optimized with the Yoast SEO plugin v20.1 - https:\/\/yoast.com\/wordpress\/plugins\/seo\/ -->\n<title>\u00dcber uns - Meisterwerke der Kunst<\/title>\n<meta name=\"robots\" content=\"index, follow, max-snippet:-1, max-image-preview:large, max-video-preview:-1\" \/>\n<link rel=\"canonical\" href=\"https:\/\/www.meisterwerke-der-kunst.de\/?page_id=785\" \/>\n<meta property=\"og:locale\" content=\"de_DE\" \/>\n<meta property=\"og:type\" content=\"article\" \/>\n<meta property=\"og:title\" content=\"\u00dcber uns - Meisterwerke der Kunst\" \/>\n<meta property=\"og:description\" content=\"Der Neckar-Verlag in Villingen Der 1945 gegr\u00fcndete Neckar-Verlag ist ein mittelst\u00e4ndisches Familienunternehmen in der dritten Generation. Seit \u00fcber 70 Jahren stehen f\u00fcr uns Best\u00e4ndigkeit und Zuverl\u00e4ssigkeit im Mittelpunkt unserer Arbeit. Viele unserer Produkte besitzen eine lange Tradition und haben sich teils \u00fcber Jahrzehnte hinweg bew\u00e4hrt, aber auch im Laufe der Zeit ver\u00e4ndert. Von der Gesch\u00e4ftsleitung &hellip; \u00dcber uns Weiterlesen &raquo;\" \/>\n<meta property=\"og:url\" content=\"https:\/\/www.meisterwerke-der-kunst.de\/?page_id=785\" \/>\n<meta property=\"og:site_name\" content=\"Meisterwerke der Kunst\" \/>\n<meta property=\"article:modified_time\" content=\"2021-05-27T07:08:42+00:00\" \/>\n<meta property=\"og:image\" content=\"https:\/\/www.meisterwerke-der-kunst.de\/wp-content\/uploads\/2021\/05\/Haus2-1024x721.jpg\" \/>\n<meta name=\"twitter:card\" content=\"summary_large_image\" \/>\n<meta name=\"twitter:label1\" content=\"Gesch\u00e4tzte Lesezeit\" \/>\n\t<meta name=\"twitter:data1\" content=\"1 Minute\" \/>\n<script type=\"application\/ld+json\" class=\"yoast-schema-graph\">{\"@context\":\"https:\/\/schema.org\",\"@graph\":[{\"@type\":\"WebPage\",\"@id\":\"https:\/\/www.meisterwerke-der-kunst.de\/?page_id=785\",\"url\":\"https:\/\/www.meisterwerke-der-kunst.de\/?page_id=785\",\"name\":\"\u00dcber uns - Meisterwerke der Kunst\",\"isPartOf\":{\"@id\":\"https:\/\/www.meisterwerke-der-kunst.de\/#website\"},\"datePublished\":\"2021-05-21T10:08:04+00:00\",\"dateModified\":\"2021-05-27T07:08:42+00:00\",\"breadcrumb\":{\"@id\":\"https:\/\/www.meisterwerke-der-kunst.de\/?page_id=785#breadcrumb\"},\"inLanguage\":\"de-DE\",\"potentialAction\":[{\"@type\":\"ReadAction\",\"target\":[\"https:\/\/www.meisterwerke-der-kunst.de\/?page_id=785\"]}]},{\"@type\":\"BreadcrumbList\",\"@id\":\"https:\/\/www.meisterwerke-der-kunst.de\/?page_id=785#breadcrumb\",\"itemListElement\":[{\"@type\":\"ListItem\",\"position\":1,\"name\":\"Meisterwerke der Kunst Archiv\",\"item\":\"https:\/\/www.meisterwerke-der-kunst.de\/\"},{\"@type\":\"ListItem\",\"position\":2,\"name\":\"\u00dcber uns\"}]},{\"@type\":\"WebSite\",\"@id\":\"https:\/\/www.meisterwerke-der-kunst.de\/#website\",\"url\":\"https:\/\/www.meisterwerke-der-kunst.de\/\",\"name\":\"Meisterwerke der Kunst\",\"description\":\"Archiv\",\"publisher\":{\"@id\":\"https:\/\/www.meisterwerke-der-kunst.de\/#organization\"},\"potentialAction\":[{\"@type\":\"SearchAction\",\"target\":{\"@type\":\"EntryPoint\",\"urlTemplate\":\"https:\/\/www.meisterwerke-der-kunst.de\/?s={search_term_string}\"},\"query-input\":\"required name=search_term_string\"}],\"inLanguage\":\"de-DE\"},{\"@type\":\"Organization\",\"@id\":\"https:\/\/www.meisterwerke-der-kunst.de\/#organization\",\"name\":\"Neckar-Verlag GmbH\",\"url\":\"https:\/\/www.meisterwerke-der-kunst.de\/\",\"logo\":{\"@type\":\"ImageObject\",\"inLanguage\":\"de-DE\",\"@id\":\"https:\/\/www.meisterwerke-der-kunst.de\/#\/schema\/logo\/image\/\",\"url\":\"https:\/\/www.meisterwerke-der-kunst.de\/wp-content\/uploads\/2021\/05\/cropped-NV_Logo_125px.png\",\"contentUrl\":\"https:\/\/www.meisterwerke-der-kunst.de\/wp-content\/uploads\/2021\/05\/cropped-NV_Logo_125px.png\",\"width\":125,\"height\":73,\"caption\":\"Neckar-Verlag GmbH\"},\"image\":{\"@id\":\"https:\/\/www.meisterwerke-der-kunst.de\/#\/schema\/logo\/image\/\"}}]}<\/script>\n<!-- \/ Yoast SEO plugin. -->","yoast_head_json":{"title":"\u00dcber uns - Meisterwerke der Kunst","robots":{"index":"index","follow":"follow","max-snippet":"max-snippet:-1","max-image-preview":"max-image-preview:large","max-video-preview":"max-video-preview:-1"},"canonical":"https:\/\/www.meisterwerke-der-kunst.de\/?page_id=785","og_locale":"de_DE","og_type":"article","og_title":"\u00dcber uns - Meisterwerke der Kunst","og_description":"Der Neckar-Verlag in Villingen Der 1945 gegr\u00fcndete Neckar-Verlag ist ein mittelst\u00e4ndisches Familienunternehmen in der dritten Generation. Seit \u00fcber 70 Jahren stehen f\u00fcr uns Best\u00e4ndigkeit und Zuverl\u00e4ssigkeit im Mittelpunkt unserer Arbeit. Viele unserer Produkte besitzen eine lange Tradition und haben sich teils \u00fcber Jahrzehnte hinweg bew\u00e4hrt, aber auch im Laufe der Zeit ver\u00e4ndert. Von der Gesch\u00e4ftsleitung &hellip; \u00dcber uns Weiterlesen &raquo;","og_url":"https:\/\/www.meisterwerke-der-kunst.de\/?page_id=785","og_site_name":"Meisterwerke der Kunst","article_modified_time":"2021-05-27T07:08:42+00:00","og_image":[{"url":"https:\/\/www.meisterwerke-der-kunst.de\/wp-content\/uploads\/2021\/05\/Haus2-1024x721.jpg"}],"twitter_card":"summary_large_image","twitter_misc":{"Gesch\u00e4tzte Lesezeit":"1 Minute"},"schema":{"@context":"https:\/\/schema.org","@graph":[{"@type":"WebPage","@id":"https:\/\/www.meisterwerke-der-kunst.de\/?page_id=785","url":"https:\/\/www.meisterwerke-der-kunst.de\/?page_id=785","name":"\u00dcber uns - Meisterwerke der Kunst","isPartOf":{"@id":"https:\/\/www.meisterwerke-der-kunst.de\/#website"},"datePublished":"2021-05-21T10:08:04+00:00","dateModified":"2021-05-27T07:08:42+00:00","breadcrumb":{"@id":"https:\/\/www.meisterwerke-der-kunst.de\/?page_id=785#breadcrumb"},"inLanguage":"de-DE","potentialAction":[{"@type":"ReadAction","target":["https:\/\/www.meisterwerke-der-kunst.de\/?page_id=785"]}]},{"@type":"BreadcrumbList","@id":"https:\/\/www.meisterwerke-der-kunst.de\/?page_id=785#breadcrumb","itemListElement":[{"@type":"ListItem","position":1,"name":"Meisterwerke der Kunst Archiv","item":"https:\/\/www.meisterwerke-der-kunst.de\/"},{"@type":"ListItem","position":2,"name":"\u00dcber uns"}]},{"@type":"WebSite","@id":"https:\/\/www.meisterwerke-der-kunst.de\/#website","url":"https:\/\/www.meisterwerke-der-kunst.de\/","name":"Meisterwerke der Kunst","description":"Archiv","publisher":{"@id":"https:\/\/www.meisterwerke-der-kunst.de\/#organization"},"potentialAction":[{"@type":"SearchAction","target":{"@type":"EntryPoint","urlTemplate":"https:\/\/www.meisterwerke-der-kunst.de\/?s={search_term_string}"},"query-input":"required name=search_term_string"}],"inLanguage":"de-DE"},{"@type":"Organization","@id":"https:\/\/www.meisterwerke-der-kunst.de\/#organization","name":"Neckar-Verlag GmbH","url":"https:\/\/www.meisterwerke-der-kunst.de\/","logo":{"@type":"ImageObject","inLanguage":"de-DE","@id":"https:\/\/www.meisterwerke-der-kunst.de\/#\/schema\/logo\/image\/","url":"https:\/\/www.meisterwerke-der-kunst.de\/wp-content\/uploads\/2021\/05\/cropped-NV_Logo_125px.png","contentUrl":"https:\/\/www.meisterwerke-der-kunst.de\/wp-content\/uploads\/2021\/05\/cropped-NV_Logo_125px.png","width":125,"height":73,"caption":"Neckar-Verlag GmbH"},"image":{"@id":"https:\/\/www.meisterwerke-der-kunst.de\/#\/schema\/logo\/image\/"}}]}},"_links":{"self":[{"href":"https:\/\/www.meisterwerke-der-kunst.de\/index.php?rest_route=\/wp\/v2\/pages\/785"}],"collection":[{"href":"https:\/\/www.meisterwerke-der-kunst.de\/index.php?rest_route=\/wp\/v2\/pages"}],"about":[{"href":"https:\/\/www.meisterwerke-der-kunst.de\/index.php?rest_route=\/wp\/v2\/types\/page"}],"author":[{"embeddable":true,"href":"https:\/\/www.meisterwerke-der-kunst.de\/index.php?rest_route=\/wp\/v2\/users\/1"}],"replies":[{"embeddable":true,"href":"https:\/\/www.meisterwerke-der-kunst.de\/index.php?rest_route=%2Fwp%2Fv2%2Fcomments&post=785"}],"version-history":[{"count":5,"href":"https:\/\/www.meisterwerke-der-kunst.de\/index.php?rest_route=\/wp\/v2\/pages\/785\/revisions"}],"predecessor-version":[{"id":830,"href":"https:\/\/www.meisterwerke-der-kunst.de\/index.php?rest_route=\/wp\/v2\/pages\/785\/revisions\/830"}],"wp:attachment":[{"href":"https:\/\/www.meisterwerke-der-kunst.de\/index.php?rest_route=%2Fwp%2Fv2%2Fmedia&parent=785"}],"curies":[{"name":"wp","href":"https:\/\/api.w.org\/{rel}","templated":true}]}}